{"id":237,"date":"2019-03-27T19:27:49","date_gmt":"2019-03-27T19:27:49","guid":{"rendered":"http:\/\/pharmacare.staging.canadianlabour.ca\/add-your-voice-2\/"},"modified":"2024-05-22T14:45:35","modified_gmt":"2024-05-22T14:45:35","slug":"ajoutez-votre-voix","status":"publish","type":"page","link":"https:\/\/pharmacare.canadianlabour.ca\/fr\/ajoutez-votre-voix\/","title":{"rendered":"Ajoutez votre voix"},"content":{"rendered":"<p><span data-contrast=\"auto\">Personne ne devrait avoir \u00e0 choisir entre acheter de la nourriture et acheter les m\u00e9dicaments qui lui sont n\u00e9cessaires.\u00a0<\/span><span data-ccp-props=\"{&quot;201341983&quot;:0,&quot;335559740&quot;:279}\">\u00a0<\/span><\/p>\n<p><span data-contrast=\"auto\">Ajoutez votre nom et aidez-nous \u00e0 obtenir la mise en place d\u2019un r\u00e9gime d\u2019assurance-m\u00e9dicaments pour tous les habitants du Canada, peu importe leur revenu, leur \u00e2ge ou l\u2019endroit o\u00f9 ils travaillent ou vivent.<\/span><\/p>\n","protected":false},"excerpt":{"rendered":"<p>Personne ne devrait avoir \u00e0 choisir entre acheter de la nourriture et acheter les m\u00e9dicaments qui lui sont n\u00e9cessaires.\u00a0\u00a0 Ajoutez votre nom et aidez-nous \u00e0 obtenir la mise en place d\u2019un r\u00e9gime d\u2019assurance-m\u00e9dicaments pour tous les habitants du Canada, peu importe leur revenu, leur \u00e2ge ou l\u2019endroit o\u00f9 ils travaillent ou vivent.<\/p>\n","protected":false},"author":1,"featured_media":533,"parent":0,"menu_order":0,"comment_status":"closed","ping_status":"closed","template":"campaign-form.php","meta":{"_acf_changed":true,"footnotes":""},"class_list":["post-237","page","type-page","status-publish","has-post-thumbnail","hentry"],"acf":[],"_links":{"self":[{"href":"https:\/\/pharmacare.canadianlabour.ca\/fr\/wp-json\/wp\/v2\/pages\/237","targetHints":{"allow":["GET"]}}],"collection":[{"href":"https:\/\/pharmacare.canadianlabour.ca\/fr\/wp-json\/wp\/v2\/pages"}],"about":[{"href":"https:\/\/pharmacare.canadianlabour.ca\/fr\/wp-json\/wp\/v2\/types\/page"}],"author":[{"embeddable":true,"href":"https:\/\/pharmacare.canadianlabour.ca\/fr\/wp-json\/wp\/v2\/users\/1"}],"replies":[{"embeddable":true,"href":"https:\/\/pharmacare.canadianlabour.ca\/fr\/wp-json\/wp\/v2\/comments?post=237"}],"version-history":[{"count":0,"href":"https:\/\/pharmacare.canadianlabour.ca\/fr\/wp-json\/wp\/v2\/pages\/237\/revisions"}],"wp:featuredmedia":[{"embeddable":true,"href":"https:\/\/pharmacare.canadianlabour.ca\/fr\/wp-json\/wp\/v2\/media\/533"}],"wp:attachment":[{"href":"https:\/\/pharmacare.canadianlabour.ca\/fr\/wp-json\/wp\/v2\/media?parent=237"}],"curies":[{"name":"wp","href":"https:\/\/api.w.org\/{rel}","templated":true}]}}