{"id":349,"date":"2019-01-24T19:38:46","date_gmt":"2019-01-24T19:38:46","guid":{"rendered":"https:\/\/pharmacare.canadianlabour.wpengine.com\/?page_id=349"},"modified":"2024-03-28T16:16:39","modified_gmt":"2024-03-28T16:16:39","slug":"assurance-medicaments","status":"publish","type":"page","link":"https:\/\/pharmacare.canadianlabour.ca\/fr\/assurance-medicaments\/","title":{"rendered":"Pourquoi un r\u00e9gime d\u2019assurance-m\u00e9dicaments?"},"content":{"rendered":"<h2><b><span data-contrast=\"auto\">La crise des m\u00e9dicaments au Canada<\/span><\/b><span data-ccp-props=\"{&quot;201341983&quot;:0,&quot;335559739&quot;:160,&quot;335559740&quot;:279}\">\u00a0<\/span><\/h2>\n<p><span data-contrast=\"auto\">Les statistiques dressent un tableau sombre\u202f: la moiti\u00e9 des Canadiennes et Canadiens vivent d&rsquo;un ch\u00e8que de paie \u00e0 l&rsquo;autre. Sept millions et demi de personnes \u2013 plus de trois fois la population des provinces de l&rsquo;Atlantique \u2013 n&rsquo;ont pas acc\u00e8s aux m\u00e9dicaments dont elles ont besoin.\u00a0\u00a0\u00a0<\/span><span data-ccp-props=\"{&quot;201341983&quot;:0,&quot;335559739&quot;:160,&quot;335559740&quot;:279}\">\u00a0<\/span><\/p>\n<p><span data-contrast=\"auto\">Imaginez que vous soyez oblig\u00e9 de choisir entre vous procurer un m\u00e9dicament ou mettre de la nourriture sur la table.<\/span><span data-ccp-props=\"{&quot;201341983&quot;:0,&quot;335559739&quot;:160,&quot;335559740&quot;:279}\">\u00a0<\/span><\/p>\n<p><span data-contrast=\"auto\">C&rsquo;est une r\u00e9alit\u00e9 pour plus d&rsquo;un quart des Canadiennes et Canadiens qui r\u00e9duisent leurs d\u00e9penses d&rsquo;\u00e9picerie, retardent le paiement de leurs factures, de leur loyer ou de leur hypoth\u00e8que, voire s&rsquo;endettent pour pouvoir s&rsquo;offrir les m\u00e9dicaments dont ils ont besoin pour rester en bonne sant\u00e9.\u00a0<\/span><span data-ccp-props=\"{&quot;201341983&quot;:0,&quot;335559739&quot;:160,&quot;335559740&quot;:279}\">\u00a0<\/span><\/p>\n<p><span data-contrast=\"auto\">Pr\u00e8s d&rsquo;un quart des Canadiennes et Canadiens fractionnent leurs pilules, sautent des doses ou renoncent carr\u00e9ment \u00e0 se faire prescrire des m\u00e9dicaments en raison de leur co\u00fbt.\u00a0<\/span><span data-ccp-props=\"{&quot;201341983&quot;:0,&quot;335559739&quot;:160,&quot;335559740&quot;:279}\">\u00a0<\/span><\/p>\n<p><span data-contrast=\"auto\">Assez, c\u2019est assez.<\/span><span data-ccp-props=\"{&quot;201341983&quot;:0,&quot;335559739&quot;:160,&quot;335559740&quot;:279}\">\u00a0<\/span><\/p>\n<h2><b><span data-contrast=\"auto\">Un syst\u00e8me disparate<\/span><\/b><span data-ccp-props=\"{&quot;201341983&quot;:0,&quot;335559739&quot;:160,&quot;335559740&quot;:279}\">\u00a0<\/span><\/h2>\n<p><span data-contrast=\"auto\">Les h\u00f4pitaux offrent une couverture universelle des m\u00e9dicaments sur ordonnance, mais \u00e0 l\u2019ext\u00e9rieur de l&rsquo;h\u00f4pital, la couverture est fragment\u00e9e, avec plus de 100 r\u00e9gimes publics et 113\u202f000 r\u00e9gimes priv\u00e9s.\u00a0\u00a0\u00a0<\/span><span data-ccp-props=\"{&quot;201341983&quot;:0,&quot;335559739&quot;:160,&quot;335559740&quot;:279}\">\u00a0<\/span><\/p>\n<p><span data-contrast=\"auto\">Le gouvernement f\u00e9d\u00e9ral couvre les Forces arm\u00e9es, la GRC, les anciens combattants et les populations autochtones, tandis que la plupart des provinces et des territoires subventionnent les m\u00e9dicaments des personnes \u00e2g\u00e9es et des b\u00e9n\u00e9ficiaires de l&rsquo;aide sociale, et offrent une couverture de m\u00e9dicaments on\u00e9reux aux personnes dont les frais m\u00e9dicaux sont astronomiques. Mais qu&rsquo;en est-il de tous les autres?\u00a0<\/span><span data-ccp-props=\"{&quot;201341983&quot;:0,&quot;335559739&quot;:160,&quot;335559740&quot;:279}\">\u00a0<\/span><\/p>\n<p><span data-contrast=\"auto\">Les femmes, les jeunes travailleuses et travailleurs, les personnes racialis\u00e9es, les migrants et les personnes \u00e2g\u00e9es ont moins de chance de b\u00e9n\u00e9ficier de la couverture dont ils ont besoin. Et pour de nombreux membres de la communaut\u00e9 2SLGBTQI+, la discrimination sur le march\u00e9 du travail signifie qu&rsquo;ils n&rsquo;ont pas acc\u00e8s \u00e0 de bons emplois assortis d&rsquo;une assurance-m\u00e9dicaments compl\u00e8te.\u00a0\u00a0\u00a0<\/span><span data-ccp-props=\"{&quot;201341983&quot;:0,&quot;335559739&quot;:160,&quot;335559740&quot;:279}\">\u00a0<\/span><\/p>\n<p><span data-contrast=\"auto\">M\u00eame ceux qui b\u00e9n\u00e9ficient d&rsquo;un r\u00e9gime d&rsquo;assurance-m\u00e9dicaments doivent faire face \u00e0 une augmentation des quotes-parts et des franchises \u00e0 payer.\u00a0\u00a0\u00a0<\/span><span data-ccp-props=\"{&quot;201341983&quot;:0,&quot;335559739&quot;:160,&quot;335559740&quot;:279}\">\u00a0<\/span><\/p>\n<p><span data-contrast=\"auto\">Il n&rsquo;est pas surprenant qu&rsquo;une majorit\u00e9 \u00e9crasante de 9 personnes sur 10 au Canada soit favorable \u00e0 un r\u00e9gime public universel d&rsquo;assurance-m\u00e9dicaments. Il est maintenant temps de faire de l&rsquo;assurance-m\u00e9dicaments une r\u00e9alit\u00e9.<\/span><span data-ccp-props=\"{&quot;201341983&quot;:0,&quot;335559739&quot;:160,&quot;335559740&quot;:279}\">\u00a0<\/span><\/p>\n<h2><b><span data-contrast=\"auto\">Vers un r\u00e9gime universel d&rsquo;assurance-m\u00e9dicaments<\/span><\/b><span data-ccp-props=\"{&quot;201341983&quot;:0,&quot;335559739&quot;:160,&quot;335559740&quot;:279}\">\u00a0<\/span><\/h2>\n<p><span data-contrast=\"auto\">Les travailleuses et travailleurs et leurs syndicats ont \u00e9t\u00e9 les premiers \u00e0 plaider en faveur de m\u00e9dicaments abordables pour tous. Aujourd&rsquo;hui, le Canada progresse vers un r\u00e9gime d&rsquo;assurance-m\u00e9dicaments universel et \u00e0 payeur unique.\u00a0\u00a0\u00a0<\/span><span data-ccp-props=\"{&quot;201341983&quot;:0,&quot;335559739&quot;:160,&quot;335559740&quot;:279}\">\u00a0<\/span><\/p>\n<p><span data-contrast=\"auto\">En f\u00e9vrier 2024, le gouvernement a pr\u00e9sent\u00e9 le projet de loi C-64, Loi concernant l&rsquo;assurance-m\u00e9dicaments. Cette loi pourrait permettre \u00e0 des millions de personnes d&rsquo;\u00e9conomiser jusqu&rsquo;\u00e0 1\u202f700 dollars par an pour les m\u00e9dicaments contre le diab\u00e8te et jusqu&rsquo;\u00e0 300\u202fdollars par an pour les contraceptifs.\u00a0\u00a0<\/span><span data-ccp-props=\"{&quot;201341983&quot;:0,&quot;335559739&quot;:160,&quot;335559740&quot;:279}\">\u00a0<\/span><\/p>\n<p><span data-contrast=\"auto\">La Loi concernant l&rsquo;assurance-m\u00e9dicaments repr\u00e9sente la plus grande am\u00e9lioration apport\u00e9e \u00e0 notre syst\u00e8me de sant\u00e9 depuis l&rsquo;introduction du syst\u00e8me de sant\u00e9 public, mais ce n&rsquo;est qu&rsquo;une premi\u00e8re \u00e9tape.\u00a0<\/span><span data-ccp-props=\"{&quot;201341983&quot;:0,&quot;335559739&quot;:160,&quot;335559740&quot;:279}\">\u00a0<\/span><\/p>\n<p><span data-contrast=\"auto\">Nous devons continuer \u00e0 faire pression pour obtenir un r\u00e9gime d&rsquo;assurance-m\u00e9dicaments v\u00e9ritablement universel et \u00e0 payeur unique, comme l&rsquo;a recommand\u00e9 le Conseil consultatif sur la mise en \u0153uvre d&rsquo;un r\u00e9gime national d&rsquo;assurance-m\u00e9dicaments, dirig\u00e9 par l&rsquo;ancien ministre de la Sant\u00e9 de l&rsquo;Ontario, le Dr\u202fEric\u202fHoskins.\u00a0<\/span><span data-ccp-props=\"{&quot;201341983&quot;:0,&quot;335559739&quot;:160,&quot;335559740&quot;:279}\">\u00a0<\/span><\/p>\n<p><span data-contrast=\"auto\">Gr\u00e2ce au pouvoir d&rsquo;achat en gros, l&rsquo;assurance-m\u00e9dicaments universelle peut rendre la vie plus abordable et offrir un acc\u00e8s \u00e9quitable aux m\u00e9dicaments \u00e0 toute la population canadienne.\u00a0<\/span><span data-ccp-props=\"{&quot;201341983&quot;:0,&quot;335559739&quot;:160,&quot;335559740&quot;:279}\">\u00a0<\/span><\/p>\n<h2><b><span data-contrast=\"auto\">Remettre de l&rsquo;argent dans les poches des travailleuses et travailleurs\u00a0\u00a0<\/span><\/b><span data-ccp-props=\"{&quot;201341983&quot;:0,&quot;335559739&quot;:160,&quot;335559740&quot;:279}\">\u00a0<\/span><\/h2>\n<p><span data-contrast=\"auto\">Le Canada est le seul pays d\u00e9velopp\u00e9 dont le r\u00e9gime de soins de sant\u00e9 universel n&rsquo;inclut pas un r\u00e9gime public universel d&rsquo;assurance-m\u00e9dicaments. Notre approche actuelle est inefficace et co\u00fbteuse. Elle profite aux soci\u00e9t\u00e9s pharmaceutiques et aux compagnies d&rsquo;assurance priv\u00e9es, tandis que les citoyens paient la facture.\u00a0\u00a0\u00a0<\/span><span data-ccp-props=\"{&quot;201341983&quot;:0,&quot;335559739&quot;:160,&quot;335559740&quot;:279}\">\u00a0<\/span><\/p>\n<p><span data-contrast=\"auto\">Un r\u00e9gime public universel d&rsquo;assurance-m\u00e9dicaments n&rsquo;est pas qu&rsquo;une question de politique\u202f: il vise \u00e0 prot\u00e9ger notre sant\u00e9. Un r\u00e9gime universel d&rsquo;assurance-m\u00e9dicaments stimulera \u00e9galement notre \u00e9conomie, ce qui est bon pour tout le monde.<\/span><span data-ccp-props=\"{&quot;201341983&quot;:0,&quot;335559739&quot;:160,&quot;335559740&quot;:279}\">\u00a0<\/span><\/p>\n<p><span data-contrast=\"auto\">Un r\u00e9gime universel d&rsquo;assurance-m\u00e9dicaments co\u00fbtera 15,3\u202fmilliards de dollars par an et\u202f:\u00a0\u00a0\u00a0<\/span><span data-ccp-props=\"{&quot;201341983&quot;:0,&quot;335559739&quot;:160,&quot;335559740&quot;:279}\">\u00a0<\/span><\/p>\n<ul>\n<li data-leveltext=\"\uf0b7\" data-font=\"Symbol\" data-listid=\"1\" data-list-defn-props=\"{&quot;335552541&quot;:1,&quot;335559685&quot;:720,&quot;335559991&quot;:360,&quot;469769226&quot;:&quot;Symbol&quot;,&quot;469769242&quot;:[8226],&quot;469777803&quot;:&quot;left&quot;,&quot;469777804&quot;:&quot;\uf0b7&quot;,&quot;469777815&quot;:&quot;hybridMultilevel&quot;}\" aria-setsize=\"-1\" data-aria-posinset=\"1\" data-aria-level=\"1\"><span data-contrast=\"auto\">r\u00e9duira de 5\u202fmilliards de dollars par an les d\u00e9penses de l&rsquo;ensemble du syst\u00e8me pour les m\u00e9dicaments sur ordonnance;\u00a0\u00a0\u00a0\u00a0<\/span><span data-ccp-props=\"{&quot;201341983&quot;:0,&quot;335559739&quot;:160,&quot;335559740&quot;:279}\">\u00a0<\/span><\/li>\n<li data-leveltext=\"\uf0b7\" data-font=\"Symbol\" data-listid=\"1\" data-list-defn-props=\"{&quot;335552541&quot;:1,&quot;335559685&quot;:720,&quot;335559991&quot;:360,&quot;469769226&quot;:&quot;Symbol&quot;,&quot;469769242&quot;:[8226],&quot;469777803&quot;:&quot;left&quot;,&quot;469777804&quot;:&quot;\uf0b7&quot;,&quot;469777815&quot;:&quot;hybridMultilevel&quot;}\" aria-setsize=\"-1\" data-aria-posinset=\"1\" data-aria-level=\"1\"><span data-contrast=\"auto\">permettra aux particuliers d&rsquo;\u00e9conomiser 6,4\u202fmilliards de dollars en frais de m\u00e9dicaments;\u00a0\u00a0\u00a0\u00a0<\/span><span data-ccp-props=\"{&quot;201341983&quot;:0,&quot;335559739&quot;:160,&quot;335559740&quot;:279}\">\u00a0<\/span><\/li>\n<li data-leveltext=\"\uf0b7\" data-font=\"Symbol\" data-listid=\"1\" data-list-defn-props=\"{&quot;335552541&quot;:1,&quot;335559685&quot;:720,&quot;335559991&quot;:360,&quot;469769226&quot;:&quot;Symbol&quot;,&quot;469769242&quot;:[8226],&quot;469777803&quot;:&quot;left&quot;,&quot;469777804&quot;:&quot;\uf0b7&quot;,&quot;469777815&quot;:&quot;hybridMultilevel&quot;}\" aria-setsize=\"-1\" data-aria-posinset=\"1\" data-aria-level=\"1\"><span data-contrast=\"auto\">permettra \u00e0 une famille moyenne d&rsquo;\u00e9conomiser 350\u202fdollars par an.\u00a0\u00a0\u00a0<\/span><span data-ccp-props=\"{&quot;201341983&quot;:0,&quot;335559739&quot;:160,&quot;335559740&quot;:279}\">\u00a0<\/span><\/li>\n<\/ul>\n<p><span data-contrast=\"auto\">Un r\u00e9gime public universel d&rsquo;assurance-m\u00e9dicaments permettra \u00e9galement aux entreprises et aux employeurs d&rsquo;\u00e9conomiser 16,6\u202fmilliards de dollars \u2013 des \u00e9conomies qui pourront \u00eatre r\u00e9investies dans l&rsquo;innovation et la technologie, la formation professionnelle et de meilleures retomb\u00e9es pour les travailleuses et travailleurs. C&rsquo;est une question de bon sens.<\/span><span data-ccp-props=\"{&quot;201341983&quot;:0,&quot;335559739&quot;:0,&quot;335559740&quot;:279}\">\u00a0<\/span><\/p>\n","protected":false},"excerpt":{"rendered":"<p>La crise des m\u00e9dicaments au Canada\u00a0 Les statistiques dressent un tableau sombre\u202f: la moiti\u00e9 des Canadiennes et Canadiens vivent d&rsquo;un ch\u00e8que de paie \u00e0 l&rsquo;autre. Sept millions et demi de personnes \u2013 plus de trois fois la population des provinces de l&rsquo;Atlantique \u2013 n&rsquo;ont pas acc\u00e8s aux m\u00e9dicaments dont elles ont besoin.\u00a0\u00a0\u00a0\u00a0 Imaginez que vous soyez oblig\u00e9 de choisir entre vous procurer un m\u00e9dicament ou mettre de la nourriture sur la table.\u00a0 C&rsquo;est une r\u00e9alit\u00e9 pour plus d&rsquo;un quart des Canadiennes et Canadiens qui r\u00e9duisent leurs d\u00e9penses d&rsquo;\u00e9picerie, retardent le paiement de leurs factures, de leur loyer ou de leur&#8230;<\/p>\n","protected":false},"author":1,"featured_media":531,"parent":0,"menu_order":0,"comment_status":"closed","ping_status":"closed","template":"","meta":{"_acf_changed":false,"footnotes":""},"class_list":["post-349","page","type-page","status-publish","has-post-thumbnail","hentry"],"acf":[],"_links":{"self":[{"href":"https:\/\/pharmacare.canadianlabour.ca\/fr\/wp-json\/wp\/v2\/pages\/349","targetHints":{"allow":["GET"]}}],"collection":[{"href":"https:\/\/pharmacare.canadianlabour.ca\/fr\/wp-json\/wp\/v2\/pages"}],"about":[{"href":"https:\/\/pharmacare.canadianlabour.ca\/fr\/wp-json\/wp\/v2\/types\/page"}],"author":[{"embeddable":true,"href":"https:\/\/pharmacare.canadianlabour.ca\/fr\/wp-json\/wp\/v2\/users\/1"}],"replies":[{"embeddable":true,"href":"https:\/\/pharmacare.canadianlabour.ca\/fr\/wp-json\/wp\/v2\/comments?post=349"}],"version-history":[{"count":0,"href":"https:\/\/pharmacare.canadianlabour.ca\/fr\/wp-json\/wp\/v2\/pages\/349\/revisions"}],"wp:featuredmedia":[{"embeddable":true,"href":"https:\/\/pharmacare.canadianlabour.ca\/fr\/wp-json\/wp\/v2\/media\/531"}],"wp:attachment":[{"href":"https:\/\/pharmacare.canadianlabour.ca\/fr\/wp-json\/wp\/v2\/media?parent=349"}],"curies":[{"name":"wp","href":"https:\/\/api.w.org\/{rel}","templated":true}]}}